{"id":1923,"date":"2025-06-05T15:33:45","date_gmt":"2025-06-05T13:33:45","guid":{"rendered":"https:\/\/adult.zipylysworld.com\/politica-de-cookies\/"},"modified":"2025-12-28T04:07:56","modified_gmt":"2025-12-28T03:07:56","slug":"politica-de-cookies","status":"publish","type":"page","link":"https:\/\/adult.zipylysworld.com\/es\/politica-de-cookies\/","title":{"rendered":"Pol\u00edtica de cookies"},"content":{"rendered":"\n<p class=\"has-theme-palette-8-color has-text-color has-link-color has-large-font-size wp-elements-333df350e5a7eb549931e4b3fc97be2d\"><strong>Pol\u00edtica de cookies <\/strong><\/p>\n\n<p class=\"has-theme-palette-8-color has-text-color has-link-color wp-elements-aa154998170bd8ba2f654a46ed04c14d\"><strong>\u00daltima actualizaci\u00f3n: 26 de mayo de 2025<\/strong><\/p>\n\n<p class=\"has-theme-palette-8-color has-text-color has-link-color wp-elements-7db8ce0d25b0d7a3ccb60227bbac06b1\">Esta pol\u00edtica de cookies se aplica al sitio web: <a href=\"https:\/\/zipylysworld.com\">https:\/\/zipylysworld.com<\/a><\/p>\n\n<p class=\"has-theme-palette-8-color has-text-color has-link-color wp-elements-e27c279bd730cd10cd7877cb8e1eea4d\">Esta pol\u00edtica le informa sobre el uso de cookies y tecnolog\u00edas similares en nuestro sitio web de acuerdo con el Reglamento General de Protecci\u00f3n de Datos (RGPD).<\/p>\n\n<h3 class=\"wp-block-heading has-theme-palette-8-color has-text-color has-link-color wp-elements-a05b50509c668f1be3ec095a435794e8\"><strong>1. Introducci\u00f3n<\/strong><\/h3>\n\n<p class=\"has-theme-palette-8-color has-text-color has-link-color wp-elements-1a7150792342f5d0cf288453356c6d08\">Zipyly\u2019s World utiliza cookies y tecnolog\u00edas similares (en adelante, denominadas \u201ccookies\u201d). Algunas cookies son instaladas por servicios de terceros que aparecen en nuestras p\u00e1ginas.<\/p>\n\n<h3 class=\"wp-block-heading has-theme-palette-8-color has-text-color has-link-color wp-elements-f72cf067319de9f699d2142e5ec238bb\"><strong>2. \u00bfQu\u00e9 son las cookies?<\/strong><\/h3>\n\n<p class=\"has-theme-palette-8-color has-text-color has-link-color wp-elements-5e84f16173f1148cab721ed9caff05d0\">Las cookies son peque\u00f1os archivos de texto que su navegador almacena en su dispositivo cuando visita un sitio web. Ayudan a recordar sus preferencias y a mejorar la experiencia del usuario.<\/p>\n\n<h3 class=\"wp-block-heading has-theme-palette-8-color has-text-color has-link-color wp-elements-bf7377bfac53e33d26cba97a61fca1ba\"><strong>3. Tipos de cookies que utilizamos<\/strong><\/h3>\n\n<ul class=\"wp-block-list\">\n<li class=\"has-theme-palette-8-color has-text-color has-link-color wp-elements-e6bc64d7c926c3cf2211a06e529b1276\"><strong>Cookies esenciales<\/strong>: Estas garantizan que nuestro sitio web funcione correctamente. Por ejemplo, recordar las preferencias de idioma o permitir el acceso a \u00e1reas seguras. <em>Base legal: Inter\u00e9s leg\u00edtimo (Art. 6(1)(f) RGPD)<\/em><\/li>\n\n\n\n<li class=\"has-theme-palette-8-color has-text-color has-link-color wp-elements-846d7c39f8f4864eff64fc1c2b58784a\"><strong>Cookies de an\u00e1lisis<\/strong>: Estas nos ayudan a comprender c\u00f3mo interact\u00faan los visitantes con el sitio (por ejemplo, qu\u00e9 p\u00e1ginas se visitan). <em>Base legal: Consentimiento (Art. 6(1)(a) RGPD)<\/em><\/li>\n\n\n\n<li class=\"has-theme-palette-8-color has-text-color has-link-color wp-elements-d37df183a1a56af0343ce2e8dee61f30\"><strong>Cookies de marketing y seguimiento<\/strong>: Se utilizan para mostrar anuncios personalizados y medir la eficacia de los anuncios en diferentes sitios web (por ejemplo, a trav\u00e9s de Meta\/Facebook, Instagram, Pinterest). <em>Base legal: Consentimiento (Art. 6(1)(a) RGPD)<\/em><\/li>\n\n\n\n<li class=\"has-theme-palette-8-color has-text-color has-link-color wp-elements-a61e24757ffd4b06e4de58d00a35a22d\"><strong>Cookies de terceros<\/strong>: Estas son establecidas por servicios integrados (por ejemplo, MailerLite, Printful, enlaces de Etsy). No controlamos estas cookies. Por favor, revise las pol\u00edticas de privacidad de terceros para obtener m\u00e1s detalles.<\/li>\n<\/ul>\n\n<h3 class=\"wp-block-heading has-theme-palette-8-color has-text-color has-link-color wp-elements-4c41b015b6ac17d5b0b74c3ca09350dd\"><strong>4. Proveedores externos que pueden colocar cookies<\/strong><\/h3>\n\n<ul class=\"wp-block-list\">\n<li class=\"has-theme-palette-8-color has-text-color has-link-color wp-elements-e4e56dc502fbacd422ae6f8fdcaacb8d\"><strong>MailerLite<\/strong> \u2013 Newsletter y pop-ups https:\/\/www.mailerlite.com\/legal\/cookie-policy<\/li>\n\n\n\n<li class=\"has-theme-palette-8-color has-text-color has-link-color wp-elements-33c58221a65b40c923b6991777703af1\"><strong>Printful<\/strong> \u2013 Gesti\u00f3n de pedidos https:\/\/www.printful.com\/policies\/privacy<\/li>\n\n\n\n<li class=\"has-theme-palette-8-color has-text-color has-link-color wp-elements-1e54c9f55bd796bda2c04c0e4c3ba3eb\"><strong>Etsy<\/strong> \u2013 Plataforma de tienda https:\/\/www.etsy.com\/legal\/privacy<\/li>\n\n\n\n<li class=\"has-theme-palette-8-color has-text-color has-link-color wp-elements-cfbe2df4ceb249d59b3f06d6dee34a15\"><strong>Meta \/ Facebook \/ Instagram<\/strong> \u2013 Publicaciones integradas y publicidad https:\/\/www.facebook.com\/policies\/cookies\/<\/li>\n\n\n\n<li class=\"has-theme-palette-8-color has-text-color has-link-color wp-elements-5de2130ba493b77feaf20cc28efb4df7\"><strong>Pinterest<\/strong> \u2013 Integraciones sociales https:\/\/policy.pinterest.com\/en\/privacy-policy<\/li>\n\n\n\n<li class=\"has-theme-palette-8-color has-text-color has-link-color wp-elements-5cf693d6a04c6bbb2e1fa2e38e8c8cf4\"><strong>Google Fonts \/ CDN<\/strong> \u2013 Renderizaci\u00f3n de fuentes https:\/\/policies.google.com\/privacy<\/li>\n<\/ul>\n\n<h3 class=\"wp-block-heading has-theme-palette-8-color has-text-color has-link-color wp-elements-739997c9b0126b6f4c21765ff9889503\"><strong>5. Sus preferencias de cookies<\/strong><\/h3>\n\n<p class=\"has-theme-palette-8-color has-text-color has-link-color wp-elements-919c6ef907e6416aab4b9bd0ae5f0698\">Cuando visite nuestro sitio por primera vez, un banner de cookies le pedir\u00e1 que elija sus preferencias. Puede cambiar su configuraci\u00f3n de consentimiento en cualquier momento haciendo clic en <strong>[Configuraci\u00f3n de cookies]<\/strong> en el pie de p\u00e1gina del sitio web.<\/p>\n\n<h3 class=\"wp-block-heading has-theme-palette-8-color has-text-color has-link-color wp-elements-f015bec0d1d1fee27f0d0bdb652ebc82\"><strong>6. Gesti\u00f3n y eliminaci\u00f3n de cookies<\/strong><\/h3>\n\n<p class=\"has-theme-palette-8-color has-text-color has-link-color wp-elements-838b2f153942bc162ddca60b20681292\">Puede gestionar o eliminar las cookies a trav\u00e9s de la configuraci\u00f3n de su navegador. Si desactiva todas las cookies, es posible que algunas partes de nuestro sitio dejen de funcionar correctamente. Si borra las cookies, es posible que se le pida que vuelva a dar su consentimiento en su pr\u00f3xima visita.<\/p>\n\n<h3 class=\"wp-block-heading has-theme-palette-8-color has-text-color has-link-color wp-elements-9157f0a9460a9c646f6aba1e683c3b50\"><strong>7. Sus derechos en virtud del RGPD<\/strong><\/h3>\n\n<p class=\"has-theme-palette-8-color has-text-color has-link-color wp-elements-abc5fe4d52b5a5c02d53a9d64f923efa\">Tiene derecho a:<\/p>\n\n<ul class=\"wp-block-list\">\n<li class=\"has-theme-palette-8-color has-text-color has-link-color wp-elements-e8ac78d67fb02c391d23717ad371cbde\">Saber qu\u00e9 datos personales recopilamos y por qu\u00e9<\/li>\n\n\n\n<li class=\"has-theme-palette-8-color has-text-color has-link-color wp-elements-1265d08a9ccef1ea63bd4a1a032cfbe7\">Acceder a sus datos<\/li>\n\n\n\n<li class=\"has-theme-palette-8-color has-text-color has-link-color wp-elements-715d5e1cf7d29ae35100213b03bc6039\">Corregir o eliminar sus datos<\/li>\n\n\n\n<li class=\"has-theme-palette-8-color has-text-color has-link-color wp-elements-fd4723f70c1b96c5057658d2289bdb1a\">Retirar su consentimiento<\/li>\n\n\n\n<li class=\"has-theme-palette-8-color has-text-color has-link-color wp-elements-9ac87f2981f590faf2be7358c91e7cd9\">Oponerse al procesamiento de datos<\/li>\n\n\n\n<li class=\"has-theme-palette-8-color has-text-color has-link-color wp-elements-30b3acebf485b9983cf32b434a957a3b\">Transferir sus datos a otro proveedor<\/li>\n<\/ul>\n\n<p class=\"has-theme-palette-8-color has-text-color has-link-color wp-elements-5066d8d03bbab87815a43f27a5dccb39\">Para ejercer sus derechos, p\u00f3ngase en contacto con nosotros en:<\/p>\n\n<p class=\"has-theme-palette-8-color has-text-color has-link-color wp-elements-387150f73488e30deff63d25ffc6c588\">\ud83d\udce7 info@zipylysworld.com<\/p>\n\n<h3 class=\"wp-block-heading has-theme-palette-8-color has-text-color has-link-color wp-elements-f807071ef8da9680baf8b2ee625774cf\"><strong>8. Uso de la Inteligencia Artificial (IA)<\/strong><\/h3>\n\n<p class=\"has-theme-palette-8-color has-text-color has-link-color wp-elements-91aef972206694e7865b3731d0add46f\">Algunos contenidos de este sitio (por ejemplo, im\u00e1genes, historias, gr\u00e1ficos) pueden ser creados o asistidos por herramientas de IA como OpenAI, Canva u otras plataformas creativas. Estos se utilizan \u00fanicamente con fines editoriales y creativos. Estos sistemas no procesan datos personales y no se toman decisiones automatizadas (Art. 22 RGPD).<\/p>\n\n<div class=\"wp-block-group has-theme-palette-8-color has-text-color has-link-color wp-elements-0acce81563f2b964687170aaf8be8f9c is-vertical is-layout-flex wp-container-core-group-is-layout-8cf370e7 wp-block-group-is-layout-flex\">\n<p><strong>Contacto<\/strong>:<\/p>\n\n\n\n<p>Kirsten Borrmann<\/p>\n\n\n\n<p>MyMentalCamp<sup>\u00ae<\/sup> \u2013 Coaching &amp; Mentoring<\/p>\n\n\n\n<p>c\/o flexdienst \u2013 #10552<\/p>\n\n\n\n<p>Kurt-Schumacher-Stra\u00dfe 76<\/p>\n\n\n\n<p>67663 Kaiserslautern, Alemania<\/p>\n<\/div>\n<style>.kadence-column778_018235-76 > .kt-inside-inner-col,.kadence-column778_018235-76 > .kt-inside-inner-col:before{border-top-left-radius:0px;border-top-right-radius:0px;border-bottom-right-radius:0px;border-bottom-left-radius:0px;}.kadence-column778_018235-76 > .kt-inside-inner-col{column-gap:var(--global-kb-gap-sm, 1rem);}.kadence-column778_018235-76 > .kt-inside-inner-col{flex-direction:column;}.kadence-column778_018235-76 > .kt-inside-inner-col > .aligncenter{width:100%;}.kadence-column778_018235-76 > .kt-inside-inner-col:before{opacity:0.3;}.kadence-column778_018235-76{position:relative;}@media all and (max-width: 1024px){.kadence-column778_018235-76 > .kt-inside-inner-col{flex-direction:column;justify-content:center;}}@media all and (max-width: 767px){.kadence-column778_018235-76 > .kt-inside-inner-col{flex-direction:column;justify-content:center;}}<\/style>\n<div class=\"wp-block-kadence-column kadence-column778_018235-76\"><div class=\"kt-inside-inner-col\"><\/div><\/div>\n","protected":false},"excerpt":{"rendered":"<p>Pol\u00edtica de cookies \u00daltima actualizaci\u00f3n: 26 de mayo de 2025 Esta pol\u00edtica de cookies se aplica al sitio web: https:\/\/zipylysworld.com Esta pol\u00edtica le informa sobre el uso de cookies y tecnolog\u00edas similares en nuestro sitio web de acuerdo con el Reglamento General de Protecci\u00f3n de Datos (RGPD). 1. Introducci\u00f3n Zipyly\u2019s World utiliza cookies y tecnolog\u00edas&#8230;<\/p>\n","protected":false},"author":1,"featured_media":0,"parent":0,"menu_order":0,"comment_status":"closed","ping_status":"closed","template":"","meta":{"_kadence_starter_templates_imported_post":false,"_kad_post_transparent":"","_kad_post_title":"","_kad_post_layout":"","_kad_post_sidebar_id":"","_kad_post_content_style":"","_kad_post_vertical_padding":"","_kad_post_feature":"","_kad_post_feature_position":"","_kad_post_header":false,"_kad_post_footer":false,"_kad_post_classname":"","footnotes":""},"class_list":["post-1923","page","type-page","status-publish","hentry"],"_links":{"self":[{"href":"https:\/\/adult.zipylysworld.com\/es\/wp-json\/wp\/v2\/pages\/1923","targetHints":{"allow":["GET"]}}],"collection":[{"href":"https:\/\/adult.zipylysworld.com\/es\/wp-json\/wp\/v2\/pages"}],"about":[{"href":"https:\/\/adult.zipylysworld.com\/es\/wp-json\/wp\/v2\/types\/page"}],"author":[{"embeddable":true,"href":"https:\/\/adult.zipylysworld.com\/es\/wp-json\/wp\/v2\/users\/1"}],"replies":[{"embeddable":true,"href":"https:\/\/adult.zipylysworld.com\/es\/wp-json\/wp\/v2\/comments?post=1923"}],"version-history":[{"count":1,"href":"https:\/\/adult.zipylysworld.com\/es\/wp-json\/wp\/v2\/pages\/1923\/revisions"}],"predecessor-version":[{"id":1924,"href":"https:\/\/adult.zipylysworld.com\/es\/wp-json\/wp\/v2\/pages\/1923\/revisions\/1924"}],"wp:attachment":[{"href":"https:\/\/adult.zipylysworld.com\/es\/wp-json\/wp\/v2\/media?parent=1923"}],"curies":[{"name":"wp","href":"https:\/\/api.w.org\/{rel}","templated":true}]}}