{"id":1919,"date":"2025-10-20T05:18:25","date_gmt":"2025-10-20T03:18:25","guid":{"rendered":"https:\/\/adult.zipylysworld.com\/gracias\/"},"modified":"2025-12-28T04:06:19","modified_gmt":"2025-12-28T03:06:19","slug":"gracias","status":"publish","type":"page","link":"https:\/\/adult.zipylysworld.com\/es\/gracias\/","title":{"rendered":"Gracias"},"content":{"rendered":"\n<p><em>\u00a1Genial! Te damos la bienvenida al mundo adulto de Zipyly. Tu pr\u00f3xima actualizaci\u00f3n est\u00e1 en camino.<\/em><\/p>\n<style>.wp-block-kadence-advancedbtn.kb-btns1638_1dfaad-05{gap:var(--global-kb-gap-xs, 0.5rem );justify-content:center;align-items:center;}.kt-btns1638_1dfaad-05 .kt-button{font-weight:normal;font-style:normal;}.kt-btns1638_1dfaad-05 .kt-btn-wrap-0{margin-right:5px;}.wp-block-kadence-advancedbtn.kt-btns1638_1dfaad-05 .kt-btn-wrap-0 .kt-button{color:#555555;border-color:#555555;}.wp-block-kadence-advancedbtn.kt-btns1638_1dfaad-05 .kt-btn-wrap-0 .kt-button:hover, .wp-block-kadence-advancedbtn.kt-btns1638_1dfaad-05 .kt-btn-wrap-0 .kt-button:focus{color:#ffffff;border-color:#444444;}.wp-block-kadence-advancedbtn.kt-btns1638_1dfaad-05 .kt-btn-wrap-0 .kt-button::before{display:none;}.wp-block-kadence-advancedbtn.kt-btns1638_1dfaad-05 .kt-btn-wrap-0 .kt-button:hover, .wp-block-kadence-advancedbtn.kt-btns1638_1dfaad-05 .kt-btn-wrap-0 .kt-button:focus{background:#444444;}<\/style>\n<div class=\"wp-block-kadence-advancedbtn kb-buttons-wrap kb-btns1638_1dfaad-05\"><style>ul.menu .wp-block-kadence-advancedbtn .kb-btn1638_2f52ff-07.kb-button{width:initial;}<\/style><a class=\"kb-button kt-button button kb-btn1638_2f52ff-07 kt-btn-size-standard kt-btn-width-type-auto kb-btn-global-fill  kt-btn-has-text-true kt-btn-has-svg-false  wp-block-kadence-singlebtn\" href=\"https:\/\/adult.zipylysworld.com\/es\/\"><span class=\"kt-btn-inner-text\">Inicio<\/span><\/a><\/div>\n\n<p><\/p>\n","protected":false},"excerpt":{"rendered":"<p>\u00a1Genial! Te damos la bienvenida al mundo adulto de Zipyly. Tu pr\u00f3xima actualizaci\u00f3n est\u00e1 en camino.<\/p>\n","protected":false},"author":2,"featured_media":0,"parent":0,"menu_order":0,"comment_status":"closed","ping_status":"closed","template":"","meta":{"_kadence_starter_templates_imported_post":false,"_kad_post_transparent":"","_kad_post_title":"","_kad_post_layout":"","_kad_post_sidebar_id":"","_kad_post_content_style":"","_kad_post_vertical_padding":"","_kad_post_feature":"","_kad_post_feature_position":"","_kad_post_header":false,"_kad_post_footer":false,"_kad_post_classname":"","footnotes":""},"class_list":["post-1919","page","type-page","status-publish","hentry"],"_links":{"self":[{"href":"https:\/\/adult.zipylysworld.com\/es\/wp-json\/wp\/v2\/pages\/1919","targetHints":{"allow":["GET"]}}],"collection":[{"href":"https:\/\/adult.zipylysworld.com\/es\/wp-json\/wp\/v2\/pages"}],"about":[{"href":"https:\/\/adult.zipylysworld.com\/es\/wp-json\/wp\/v2\/types\/page"}],"author":[{"embeddable":true,"href":"https:\/\/adult.zipylysworld.com\/es\/wp-json\/wp\/v2\/users\/2"}],"replies":[{"embeddable":true,"href":"https:\/\/adult.zipylysworld.com\/es\/wp-json\/wp\/v2\/comments?post=1919"}],"version-history":[{"count":1,"href":"https:\/\/adult.zipylysworld.com\/es\/wp-json\/wp\/v2\/pages\/1919\/revisions"}],"predecessor-version":[{"id":1920,"href":"https:\/\/adult.zipylysworld.com\/es\/wp-json\/wp\/v2\/pages\/1919\/revisions\/1920"}],"wp:attachment":[{"href":"https:\/\/adult.zipylysworld.com\/es\/wp-json\/wp\/v2\/media?parent=1919"}],"curies":[{"name":"wp","href":"https:\/\/api.w.org\/{rel}","templated":true}]}}