{"id":1915,"date":"2025-12-22T03:51:12","date_gmt":"2025-12-22T02:51:12","guid":{"rendered":"https:\/\/adult.zipylysworld.com\/las-historias\/"},"modified":"2026-04-18T02:53:53","modified_gmt":"2026-04-18T00:53:53","slug":"las-historias","status":"publish","type":"page","link":"https:\/\/adult.zipylysworld.com\/es\/las-historias\/","title":{"rendered":"Las historias"},"content":{"rendered":"<style>.kb-row-layout-id1762_a7aa1d-31 > .kt-row-column-wrap{align-content:start;}:where(.kb-row-layout-id1762_a7aa1d-31 > .kt-row-column-wrap) > .wp-block-kadence-column{justify-content:start;}.kb-row-layout-id1762_a7aa1d-31 > .kt-row-column-wrap{column-gap:var(--global-kb-gap-md, 2rem);row-gap:var(--global-kb-gap-md, 2rem);padding-top:var(--global-kb-spacing-xxl, 5rem);padding-bottom:var(--global-kb-spacing-xxl, 5rem);grid-template-columns:minmax(0, 1fr);}.kb-row-layout-id1762_a7aa1d-31 > .kt-row-layout-overlay{opacity:0.30;}.kb-row-layout-id1762_a7aa1d-31 .kt-row-layout-bottom-sep{height:100px;}.kb-row-layout-id1762_a7aa1d-31 .kt-row-layout-bottom-sep svg{width:100%;}.kb-row-layout-id1762_a7aa1d-31 .kt-row-layout-bottom-sep svg{fill:var(--global-palette1, #3182CE)!important;}.kb-row-layout-id1762_a7aa1d-31 .kt-row-layout-top-sep{height:100px;}.kb-row-layout-id1762_a7aa1d-31 .kt-row-layout-top-sep svg{width:100%;}.kb-row-layout-id1762_a7aa1d-31 .kt-row-layout-top-sep svg{fill:var(--global-palette1, #3182CE)!important;}@media all and (max-width: 1024px){.kb-row-layout-id1762_a7aa1d-31 > .kt-row-column-wrap{grid-template-columns:minmax(0, 1fr);}}@media all and (max-width: 1024px){.kb-row-layout-id1762_a7aa1d-31 .kt-row-layout-bottom-sep{height:px;}}@media all and (max-width: 1024px){.kb-row-layout-id1762_a7aa1d-31 .kt-row-layout-bottom-sep svg{width:%;}}@media all and (max-width: 767px){.kb-row-layout-id1762_a7aa1d-31 > .kt-row-column-wrap{grid-template-columns:minmax(0, 1fr);}.kb-row-layout-id1762_a7aa1d-31 .kt-row-layout-bottom-sep{height:px;}.kb-row-layout-id1762_a7aa1d-31 .kt-row-layout-bottom-sep svg{width:%;}}<\/style><div class=\"kb-row-layout-wrap kb-row-layout-id1762_a7aa1d-31 alignnone wp-block-kadence-rowlayout\"><div class=\"kt-row-layout-top-sep kt-row-sep-type-mtns\"><svg viewBox=\"0 0 1000 100\" preserveAspectRatio=\"none\"><path d=\"M1000,50l-182.69,-45.286l-292.031,61.197l-190.875,-41.075l-143.748,28.794l-190.656,-23.63l0,70l1000,0l0,-50Z\" style=\"opacity: 0.4\" \/><path d=\"M1000,57l-152.781,-22.589l-214.383,19.81l-159.318,-21.471l-177.44,25.875l-192.722,5.627l-103.356,-27.275l0,63.023l1000,0l0,-43Z\" \/><\/svg><\/div><div class=\"kt-row-layout-bottom-sep kt-row-sep-type-mtns\"><svg viewBox=\"0 0 1000 100\" preserveAspectRatio=\"none\"><path d=\"M1000,50l-182.69,-45.286l-292.031,61.197l-190.875,-41.075l-143.748,28.794l-190.656,-23.63l0,70l1000,0l0,-50Z\" style=\"opacity: 0.4\" \/><path d=\"M1000,57l-152.781,-22.589l-214.383,19.81l-159.318,-21.471l-177.44,25.875l-192.722,5.627l-103.356,-27.275l0,63.023l1000,0l0,-43Z\" \/><\/svg><\/div><div class=\"kt-row-column-wrap kt-has-1-columns kt-row-layout-equal kt-tab-layout-inherit kt-mobile-layout-row kt-row-valign-top\">\n<style>.kadence-column1762_74a63e-6c > .kt-inside-inner-col,.kadence-column1762_74a63e-6c > .kt-inside-inner-col:before{border-top-left-radius:0px;border-top-right-radius:0px;border-bottom-right-radius:0px;border-bottom-left-radius:0px;}.kadence-column1762_74a63e-6c > .kt-inside-inner-col{column-gap:var(--global-kb-gap-sm, 1rem);}.kadence-column1762_74a63e-6c > .kt-inside-inner-col{flex-direction:column;}.kadence-column1762_74a63e-6c > .kt-inside-inner-col > .aligncenter{width:100%;}.kadence-column1762_74a63e-6c > .kt-inside-inner-col:before{opacity:0.3;}.kadence-column1762_74a63e-6c{position:relative;}@media all and (max-width: 1024px){.kadence-column1762_74a63e-6c > .kt-inside-inner-col{flex-direction:column;justify-content:center;}}@media all and (max-width: 767px){.kadence-column1762_74a63e-6c > .kt-inside-inner-col{flex-direction:column;justify-content:center;}}<\/style>\n<div class=\"wp-block-kadence-column kadence-column1762_74a63e-6c\"><div class=\"kt-inside-inner-col\"><style>.wp-block-kadence-advancedheading.kt-adv-heading1762_b7e420-03, .wp-block-kadence-advancedheading.kt-adv-heading1762_b7e420-03[data-kb-block=\"kb-adv-heading1762_b7e420-03\"]{text-align:center;font-size:var(--global-kb-font-size-lg, 2rem);font-style:normal;}.wp-block-kadence-advancedheading.kt-adv-heading1762_b7e420-03 mark.kt-highlight, .wp-block-kadence-advancedheading.kt-adv-heading1762_b7e420-03[data-kb-block=\"kb-adv-heading1762_b7e420-03\"] mark.kt-highlight{font-style:normal;color:#f76a0c;-webkit-box-decoration-break:clone;box-decoration-break:clone;padding-top:0px;padding-right:0px;padding-bottom:0px;padding-left:0px;}.wp-block-kadence-advancedheading.kt-adv-heading1762_b7e420-03 img.kb-inline-image, .wp-block-kadence-advancedheading.kt-adv-heading1762_b7e420-03[data-kb-block=\"kb-adv-heading1762_b7e420-03\"] img.kb-inline-image{width:150px;vertical-align:baseline;}<\/style>\n<p class=\"kt-adv-heading1762_b7e420-03 wp-block-kadence-advancedheading\" data-kb-block=\"kb-adv-heading1762_b7e420-03\"><strong>Historias en proceso<\/strong><\/p>\n\n\n\n<p class=\"has-text-align-center\"><br\/><strong>Este espacio est\u00e1 reservado para historias, reflexiones y peque\u00f1as exploraciones de ZipylyWorld<strong>\u2122<\/strong><br\/>Algunas ser\u00e1n divertidas.<br\/>Algunas reflexivas.<br\/>Algunas pr\u00e1cticas.<br\/>Todas conectadas por la curiosidad, el movimiento y la alegr\u00eda de pensar diferente.<br\/>Pronto llegar\u00e1n nuevas historias.<\/strong><\/p>\n<\/div><\/div>\n\n<\/div><\/div>\n<p><\/p>\n","protected":false},"excerpt":{"rendered":"<p>Historias en proceso Este espacio est\u00e1 reservado para historias, reflexiones y peque\u00f1as exploraciones de ZipylyWorld\u2122Algunas ser\u00e1n divertidas.Algunas reflexivas.Algunas pr\u00e1cticas.Todas conectadas por la curiosidad, el movimiento y la alegr\u00eda de pensar diferente.Pronto llegar\u00e1n nuevas historias.<\/p>\n","protected":false},"author":1,"featured_media":0,"parent":0,"menu_order":0,"comment_status":"closed","ping_status":"closed","template":"","meta":{"_kadence_starter_templates_imported_post":false,"_kad_post_transparent":"","_kad_post_title":"","_kad_post_layout":"","_kad_post_sidebar_id":"","_kad_post_content_style":"","_kad_post_vertical_padding":"","_kad_post_feature":"","_kad_post_feature_position":"","_kad_post_header":false,"_kad_post_footer":false,"_kad_post_classname":"","footnotes":""},"class_list":["post-1915","page","type-page","status-publish","hentry"],"_links":{"self":[{"href":"https:\/\/adult.zipylysworld.com\/es\/wp-json\/wp\/v2\/pages\/1915","targetHints":{"allow":["GET"]}}],"collection":[{"href":"https:\/\/adult.zipylysworld.com\/es\/wp-json\/wp\/v2\/pages"}],"about":[{"href":"https:\/\/adult.zipylysworld.com\/es\/wp-json\/wp\/v2\/types\/page"}],"author":[{"embeddable":true,"href":"https:\/\/adult.zipylysworld.com\/es\/wp-json\/wp\/v2\/users\/1"}],"replies":[{"embeddable":true,"href":"https:\/\/adult.zipylysworld.com\/es\/wp-json\/wp\/v2\/comments?post=1915"}],"version-history":[{"count":2,"href":"https:\/\/adult.zipylysworld.com\/es\/wp-json\/wp\/v2\/pages\/1915\/revisions"}],"predecessor-version":[{"id":1974,"href":"https:\/\/adult.zipylysworld.com\/es\/wp-json\/wp\/v2\/pages\/1915\/revisions\/1974"}],"wp:attachment":[{"href":"https:\/\/adult.zipylysworld.com\/es\/wp-json\/wp\/v2\/media?parent=1915"}],"curies":[{"name":"wp","href":"https:\/\/api.w.org\/{rel}","templated":true}]}}