{"id":1911,"date":"2025-12-22T03:51:11","date_gmt":"2025-12-22T02:51:11","guid":{"rendered":"https:\/\/adult.zipylysworld.com\/el-mundo\/"},"modified":"2026-04-18T02:53:00","modified_gmt":"2026-04-18T00:53:00","slug":"el-mundo","status":"publish","type":"page","link":"https:\/\/adult.zipylysworld.com\/es\/el-mundo\/","title":{"rendered":"El Mundo"},"content":{"rendered":"<style>.kb-row-layout-id1761_9d54ec-35 > .kt-row-column-wrap{align-content:start;}:where(.kb-row-layout-id1761_9d54ec-35 > .kt-row-column-wrap) > .wp-block-kadence-column{justify-content:start;}.kb-row-layout-id1761_9d54ec-35 > .kt-row-column-wrap{column-gap:var(--global-kb-gap-md, 2rem);row-gap:var(--global-kb-gap-md, 2rem);max-width:var( --global-content-width, 1170px );padding-left:var(--global-content-edge-padding);padding-right:var(--global-content-edge-padding);padding-top:var(--global-kb-spacing-xxl, 5rem);padding-bottom:var(--global-kb-spacing-xxl, 5rem);grid-template-columns:minmax(0, 1fr);}.kb-row-layout-id1761_9d54ec-35 > .kt-row-layout-overlay{opacity:0.30;}.kb-row-layout-id1761_9d54ec-35 .kt-row-layout-bottom-sep{height:100px;}.kb-row-layout-id1761_9d54ec-35 .kt-row-layout-bottom-sep svg{width:100%;}.kb-row-layout-id1761_9d54ec-35 .kt-row-layout-bottom-sep svg{fill:var(--global-palette1, #3182CE)!important;}.kb-row-layout-id1761_9d54ec-35 .kt-row-layout-top-sep{height:100px;}.kb-row-layout-id1761_9d54ec-35 .kt-row-layout-top-sep svg{width:100%;}.kb-row-layout-id1761_9d54ec-35 .kt-row-layout-top-sep svg{fill:var(--global-palette1, #3182CE)!important;}@media all and (max-width: 1024px){.kb-row-layout-id1761_9d54ec-35 > .kt-row-column-wrap{grid-template-columns:minmax(0, 1fr);}}@media all and (max-width: 1024px){.kb-row-layout-id1761_9d54ec-35 .kt-row-layout-bottom-sep{height:px;}}@media all and (max-width: 1024px){.kb-row-layout-id1761_9d54ec-35 .kt-row-layout-bottom-sep svg{width:%;}}@media all and (max-width: 767px){.kb-row-layout-id1761_9d54ec-35 > .kt-row-column-wrap{grid-template-columns:minmax(0, 1fr);}.kb-row-layout-id1761_9d54ec-35 .kt-row-layout-bottom-sep{height:px;}.kb-row-layout-id1761_9d54ec-35 .kt-row-layout-bottom-sep svg{width:%;}}<\/style><div class=\"kb-row-layout-wrap kb-row-layout-id1761_9d54ec-35 alignnone wp-block-kadence-rowlayout\"><div class=\"kt-row-layout-top-sep kt-row-sep-type-mtns\"><svg viewBox=\"0 0 1000 100\" preserveAspectRatio=\"none\"><path d=\"M1000,50l-182.69,-45.286l-292.031,61.197l-190.875,-41.075l-143.748,28.794l-190.656,-23.63l0,70l1000,0l0,-50Z\" style=\"opacity: 0.4\" \/><path d=\"M1000,57l-152.781,-22.589l-214.383,19.81l-159.318,-21.471l-177.44,25.875l-192.722,5.627l-103.356,-27.275l0,63.023l1000,0l0,-43Z\" \/><\/svg><\/div><div class=\"kt-row-layout-bottom-sep kt-row-sep-type-mtns\"><svg viewBox=\"0 0 1000 100\" preserveAspectRatio=\"none\"><path d=\"M1000,50l-182.69,-45.286l-292.031,61.197l-190.875,-41.075l-143.748,28.794l-190.656,-23.63l0,70l1000,0l0,-50Z\" style=\"opacity: 0.4\" \/><path d=\"M1000,57l-152.781,-22.589l-214.383,19.81l-159.318,-21.471l-177.44,25.875l-192.722,5.627l-103.356,-27.275l0,63.023l1000,0l0,-43Z\" \/><\/svg><\/div><div class=\"kt-row-column-wrap kt-has-1-columns kt-row-layout-equal kt-tab-layout-inherit kt-mobile-layout-row kt-row-valign-top kb-theme-content-width\">\n<style>.kadence-column1761_4aa138-2f > .kt-inside-inner-col,.kadence-column1761_4aa138-2f > .kt-inside-inner-col:before{border-top-left-radius:0px;border-top-right-radius:0px;border-bottom-right-radius:0px;border-bottom-left-radius:0px;}.kadence-column1761_4aa138-2f > .kt-inside-inner-col{column-gap:var(--global-kb-gap-sm, 1rem);}.kadence-column1761_4aa138-2f > .kt-inside-inner-col{flex-direction:column;}.kadence-column1761_4aa138-2f > .kt-inside-inner-col > .aligncenter{width:100%;}.kadence-column1761_4aa138-2f > .kt-inside-inner-col:before{opacity:0.3;}.kadence-column1761_4aa138-2f{position:relative;}@media all and (max-width: 1024px){.kadence-column1761_4aa138-2f > .kt-inside-inner-col{flex-direction:column;justify-content:center;}}@media all and (max-width: 767px){.kadence-column1761_4aa138-2f > .kt-inside-inner-col{flex-direction:column;justify-content:center;}}<\/style>\n<div class=\"wp-block-kadence-column kadence-column1761_4aa138-2f\"><div class=\"kt-inside-inner-col\"><style>.wp-block-kadence-advancedheading.kt-adv-heading1761_44389b-ef, .wp-block-kadence-advancedheading.kt-adv-heading1761_44389b-ef[data-kb-block=\"kb-adv-heading1761_44389b-ef\"]{text-align:center;font-size:var(--global-kb-font-size-lg, 2rem);font-style:normal;}.wp-block-kadence-advancedheading.kt-adv-heading1761_44389b-ef mark.kt-highlight, .wp-block-kadence-advancedheading.kt-adv-heading1761_44389b-ef[data-kb-block=\"kb-adv-heading1761_44389b-ef\"] mark.kt-highlight{font-style:normal;color:#f76a0c;-webkit-box-decoration-break:clone;box-decoration-break:clone;padding-top:0px;padding-right:0px;padding-bottom:0px;padding-left:0px;}.wp-block-kadence-advancedheading.kt-adv-heading1761_44389b-ef img.kb-inline-image, .wp-block-kadence-advancedheading.kt-adv-heading1761_44389b-ef[data-kb-block=\"kb-adv-heading1761_44389b-ef\"] img.kb-inline-image{width:150px;vertical-align:baseline;}<\/style>\n<p class=\"kt-adv-heading1761_44389b-ef wp-block-kadence-advancedheading\" data-kb-block=\"kb-adv-heading1761_44389b-ef\"><strong>Este es un mundo para mentes curiosas<\/strong><\/p>\n\n\n\n<p class=\"has-text-align-center\"><strong>ZipylysWorld<strong>\u2122<\/strong> no es el universo de marca convencional.<br\/>Es un patio de recreo para las ideas, el movimiento, la creatividad y el enfoque mental.<br\/>Aqu\u00ed, las historias importan m\u00e1s que las etiquetas.<br\/>La curiosidad vence a la perfecci\u00f3n.<br\/>Y el aprendizaje surge de la exploraci\u00f3n, no de la presi\u00f3n.<br\/>Este mundo conecta el pensamiento con la acci\u00f3n \u2014<br\/>a veces mediante personajes, otras mediante experiencias o peque\u00f1os experimentos que hacen el d\u00eda a d\u00eda un poco m\u00e1s l\u00fadico y l\u00facido.<br\/>Aqu\u00ed no encontrar\u00e1s caminos fijos.<br\/>Pero s\u00ed inspiraci\u00f3n, movimiento y espacio para pensar de otra manera.<br\/>Te damos la bienvenida al mundo que hay detr\u00e1s de las ideas.<\/strong><\/p>\n<\/div><\/div>\n\n<\/div><\/div>\n<p><\/p>\n","protected":false},"excerpt":{"rendered":"<p>Este es un mundo para mentes curiosas ZipylysWorld\u2122 no es el universo de marca convencional.Es un patio de recreo para las ideas, el movimiento, la creatividad y el enfoque mental.Aqu\u00ed, las historias importan m\u00e1s que las etiquetas.La curiosidad vence a la perfecci\u00f3n.Y el aprendizaje surge de la exploraci\u00f3n, no de la presi\u00f3n.Este mundo conecta el&#8230;<\/p>\n","protected":false},"author":1,"featured_media":0,"parent":0,"menu_order":0,"comment_status":"closed","ping_status":"closed","template":"","meta":{"_kadence_starter_templates_imported_post":false,"_kad_post_transparent":"","_kad_post_title":"","_kad_post_layout":"","_kad_post_sidebar_id":"","_kad_post_content_style":"","_kad_post_vertical_padding":"","_kad_post_feature":"","_kad_post_feature_position":"","_kad_post_header":false,"_kad_post_footer":false,"_kad_post_classname":"","footnotes":""},"class_list":["post-1911","page","type-page","status-publish","hentry"],"_links":{"self":[{"href":"https:\/\/adult.zipylysworld.com\/es\/wp-json\/wp\/v2\/pages\/1911","targetHints":{"allow":["GET"]}}],"collection":[{"href":"https:\/\/adult.zipylysworld.com\/es\/wp-json\/wp\/v2\/pages"}],"about":[{"href":"https:\/\/adult.zipylysworld.com\/es\/wp-json\/wp\/v2\/types\/page"}],"author":[{"embeddable":true,"href":"https:\/\/adult.zipylysworld.com\/es\/wp-json\/wp\/v2\/users\/1"}],"replies":[{"embeddable":true,"href":"https:\/\/adult.zipylysworld.com\/es\/wp-json\/wp\/v2\/comments?post=1911"}],"version-history":[{"count":4,"href":"https:\/\/adult.zipylysworld.com\/es\/wp-json\/wp\/v2\/pages\/1911\/revisions"}],"predecessor-version":[{"id":1972,"href":"https:\/\/adult.zipylysworld.com\/es\/wp-json\/wp\/v2\/pages\/1911\/revisions\/1972"}],"wp:attachment":[{"href":"https:\/\/adult.zipylysworld.com\/es\/wp-json\/wp\/v2\/media?parent=1911"}],"curies":[{"name":"wp","href":"https:\/\/api.w.org\/{rel}","templated":true}]}}