{"id":1939,"date":"2025-06-05T15:39:07","date_gmt":"2025-06-05T13:39:07","guid":{"rendered":"https:\/\/adult.zipylysworld.com\/impressum\/"},"modified":"2026-04-18T02:54:30","modified_gmt":"2026-04-18T00:54:30","slug":"impressum","status":"publish","type":"page","link":"https:\/\/adult.zipylysworld.com\/de\/impressum\/","title":{"rendered":"Impressum"},"content":{"rendered":"\n<p class=\"has-theme-palette-8-color has-text-color has-link-color has-large-font-size wp-elements-1713f1ccb6c0aa440d5ed7130a827a37\"><strong>Impressum \/ Rechtliche Hinweise<\/strong><\/p>\n\n<hr class=\"wp-block-separator has-alpha-channel-opacity\"\/>\n\n<p><strong>Verantwortlich f\u00fcr Inhalt &amp; Gesch\u00e4ftsbetrieb<\/strong><\/p>\n\n<p>MyMentalCamp LLC<br\/>Wyoming, Vereinigte Staaten<\/p>\n\n<p>Weitere gesch\u00e4ftliche Details werden auf Anfrage mitgeteilt.<\/p>\n\n<hr class=\"wp-block-separator has-alpha-channel-opacity\"\/>\n\n<p><strong>Gesch\u00e4ftszweck<\/strong><\/p>\n\n<p>ZipylysWorld\u2122 ist eine Bildungs- und Kreativ-Content-Plattform, die digitale Produkte, Medieninhalte und ausgew\u00e4hlte physische Waren anbietet.<\/p>\n\n<hr class=\"wp-block-separator has-alpha-channel-opacity\"\/>\n\n<p><strong>Zahlung &amp; Abwicklung<\/strong><\/p>\n\n<p>Abh\u00e4ngig vom Produkt oder der Dienstleistung k\u00f6nnen Zahlungen und die Abwicklung von Drittanbietern \u00fcbernommen werden, einschlie\u00dflich:<\/p>\n\n<ul class=\"wp-block-list\">\n<li>Digistore24 GmbH (Deutschland)<\/li>\n\n\n\n<li>Stripe Payments Europe, Ltd. (Irland)<\/li>\n\n\n\n<li>Printful Inc. (USA \/ Lettland)<\/li>\n\n\n\n<li>Etsy Marketplace (f\u00fcr ausgew\u00e4hlte Produkte)<\/li>\n<\/ul>\n\n<p>Wir speichern oder verarbeiten keine Zahlungsdaten direkt.<\/p>\n\n<hr class=\"wp-block-separator has-alpha-channel-opacity\"\/>\n\n<p><strong>Haftung f\u00fcr externe Links<\/strong><\/p>\n\n<p>Trotz sorgf\u00e4ltiger inhaltlicher Kontrolle \u00fcbernehmen wir keine Haftung f\u00fcr externe Links.<br\/>F\u00fcr den Inhalt der verlinkten Webseiten sind ausschlie\u00dflich deren Betreiber verantwortlich.<\/p>\n\n<hr class=\"wp-block-separator has-alpha-channel-opacity\"\/>\n\n<p><strong>Urheberrechtshinweis<\/strong><\/p>\n\n<p>Alle Inhalte auf dieser Webseite sind durch geltende Urheberrechtsgesetze gesch\u00fctzt.<br\/>Die Vervielf\u00e4ltigung, Bearbeitung oder Verbreitung \u00fcber die gesetzlichen Grenzen hinaus bedarf der vorherigen schriftlichen Genehmigung, sofern nicht anders angegeben.<\/p>\n\n<hr class=\"wp-block-separator has-alpha-channel-opacity\"\/>\n\n<p><strong>Markenrechtlicher Hinweis<\/strong><\/p>\n\n<p>MyMentalCamp\u00ae ist eine eingetragene Marke in Deutschland.<br\/>Au\u00dferhalb Deutschlands wird MyMentalCamp als Marke (\u2122) verwendet.<\/p>\n\n<p class=\"has-theme-palette-8-color has-text-color has-link-color has-large-font-size wp-elements-5d2b246435b65707988ba2a6011fbaf1\">ZipylysWorld\u2122 ist eine international verwendete Marke.<\/p>\n","protected":false},"excerpt":{"rendered":"<p>Impressum \/ Rechtliche Hinweise Verantwortlich f\u00fcr Inhalt &amp; Gesch\u00e4ftsbetrieb MyMentalCamp LLCWyoming, Vereinigte Staaten Weitere gesch\u00e4ftliche Details werden auf Anfrage mitgeteilt. Gesch\u00e4ftszweck ZipylysWorld\u2122 ist eine Bildungs- und Kreativ-Content-Plattform, die digitale Produkte, Medieninhalte und ausgew\u00e4hlte physische Waren anbietet. Zahlung &amp; Abwicklung Abh\u00e4ngig vom Produkt oder der Dienstleistung k\u00f6nnen Zahlungen und die Abwicklung von Drittanbietern \u00fcbernommen werden, einschlie\u00dflich:&#8230;<\/p>\n","protected":false},"author":1,"featured_media":0,"parent":0,"menu_order":0,"comment_status":"closed","ping_status":"closed","template":"","meta":{"_kadence_starter_templates_imported_post":false,"_kad_post_transparent":"","_kad_post_title":"","_kad_post_layout":"","_kad_post_sidebar_id":"","_kad_post_content_style":"","_kad_post_vertical_padding":"","_kad_post_feature":"","_kad_post_feature_position":"","_kad_post_header":false,"_kad_post_footer":false,"_kad_post_classname":"","footnotes":""},"class_list":["post-1939","page","type-page","status-publish","hentry"],"_links":{"self":[{"href":"https:\/\/adult.zipylysworld.com\/de\/wp-json\/wp\/v2\/pages\/1939","targetHints":{"allow":["GET"]}}],"collection":[{"href":"https:\/\/adult.zipylysworld.com\/de\/wp-json\/wp\/v2\/pages"}],"about":[{"href":"https:\/\/adult.zipylysworld.com\/de\/wp-json\/wp\/v2\/types\/page"}],"author":[{"embeddable":true,"href":"https:\/\/adult.zipylysworld.com\/de\/wp-json\/wp\/v2\/users\/1"}],"replies":[{"embeddable":true,"href":"https:\/\/adult.zipylysworld.com\/de\/wp-json\/wp\/v2\/comments?post=1939"}],"version-history":[{"count":1,"href":"https:\/\/adult.zipylysworld.com\/de\/wp-json\/wp\/v2\/pages\/1939\/revisions"}],"predecessor-version":[{"id":1940,"href":"https:\/\/adult.zipylysworld.com\/de\/wp-json\/wp\/v2\/pages\/1939\/revisions\/1940"}],"wp:attachment":[{"href":"https:\/\/adult.zipylysworld.com\/de\/wp-json\/wp\/v2\/media?parent=1939"}],"curies":[{"name":"wp","href":"https:\/\/api.w.org\/{rel}","templated":true}]}}