{"id":1931,"date":"2024-12-15T03:09:49","date_gmt":"2024-12-15T02:09:49","guid":{"rendered":"https:\/\/adult.zipylysworld.com\/datenschutzbestimmungen\/"},"modified":"2025-12-28T04:10:22","modified_gmt":"2025-12-28T03:10:22","slug":"datenschutzbestimmungen","status":"publish","type":"page","link":"https:\/\/adult.zipylysworld.com\/de\/datenschutzbestimmungen\/","title":{"rendered":"Datenschutzbestimmungen"},"content":{"rendered":"\n<h2 class=\"wp-block-heading has-theme-palette-8-color has-text-color has-link-color wp-elements-75c515c7f6d4fcc349155b664df5dc70\"><strong>Haftungsausschluss<\/strong><\/h2>\n\n<p>Gilt f\u00fcr: <a href=\"https:\/\/zipylysworld.com\/\">https:\/\/zipylysworld.com<\/a><br\/>(gilt auch f\u00fcr ZipylysWorld \u2013 AdultWorld &amp; KidsWorld)<\/p>\n\n<p>Letzte Aktualisierung: 22. Dezember 2025<\/p>\n\n<hr class=\"wp-block-separator has-alpha-channel-opacity\"\/>\n\n<h3 class=\"wp-block-heading\">Allgemeine Informationen<\/h3>\n\n<p>ZipylysWorld\u2122 (einschlie\u00dflich AdultWorld und KidsWorld) wird von <strong>MyMentalCamp LLC<\/strong>, Wyoming, Vereinigte Staaten, betrieben.<\/p>\n\n<p>Wir sind bestrebt, die Inhalte dieser Website korrekt, vollst\u00e4ndig und aktuell zu halten. Wir \u00fcbernehmen jedoch keine Garantie f\u00fcr die Richtigkeit, Vollst\u00e4ndigkeit oder Aktualit\u00e4t der bereitgestellten Informationen.<\/p>\n\n<p>Wenn Ihnen fehlerhafte oder veraltete Informationen auffallen, kontaktieren Sie uns bitte unter:<br\/>\ud83d\udce7 <a href=\"mailto:info@zipylysworld.com\">info@zipylysworld.com<\/a><\/p>\n\n<hr class=\"wp-block-separator has-alpha-channel-opacity\"\/>\n\n<h3 class=\"wp-block-heading\">Haftungsbeschr\u00e4nkung<\/h3>\n\n<p>Die Nutzung dieser Website und ihrer Inhalte erfolgt auf eigene Gefahr. Wir \u00fcbernehmen keine Haftung f\u00fcr direkte oder indirekte Sch\u00e4den, die aus der Nutzung oder dem Vertrauen auf die auf dieser Website bereitgestellten Informationen entstehen.<\/p>\n\n<p>Dies beinhaltet, ist aber nicht beschr\u00e4nkt auf:<\/p>\n\n<ul class=\"wp-block-list\">\n<li>unvollst\u00e4ndige oder veraltete Inhalte<\/li>\n\n\n\n<li>technische Probleme oder Ausfallzeiten der Website<\/li>\n\n\n\n<li>fehlgeschlagene Einsendungen \u00fcber Formulare<\/li>\n\n\n\n<li>Links zu Drittanbietern oder eingebettete Dienste<\/li>\n<\/ul>\n\n<hr class=\"wp-block-separator has-alpha-channel-opacity\"\/>\n\n<h3 class=\"wp-block-heading\">Personenbezogene Daten<\/h3>\n\n<p>Alle personenbezogenen Daten, die \u00fcber Formulare oder andere Interaktionen auf dieser Website \u00fcbermittelt werden, werden in \u00dcbereinstimmung mit unserer <strong>Datenschutzrichtlinie<\/strong> verarbeitet.<\/p>\n\n<hr class=\"wp-block-separator has-alpha-channel-opacity\"\/>\n\n<h3 class=\"wp-block-heading\">K\u00fcnstliche Intelligenz (KI)<\/h3>\n\n<p>Einige Inhalte auf dieser Website \u2013 einschlie\u00dflich Texte, Illustrationen, Bilder, Geschichten, Konzepte oder herunterladbare Materialien \u2013 k\u00f6nnen mithilfe k\u00fcnstlicher Intelligenz (KI) erstellt oder verbessert werden.<\/p>\n\n<p>Alle KI-gest\u00fctzten Inhalte werden vor der Ver\u00f6ffentlichung \u00fcberpr\u00fcft. Nichtsdestotrotz werden solche Inhalte nur zu <strong>Bildungs-, Informations- und Unterhaltungszwecken<\/strong> bereitgestellt und ersetzen keine professionelle oder individuelle Beratung.<\/p>\n\n<hr class=\"wp-block-separator has-alpha-channel-opacity\"\/>\n\n<h3 class=\"wp-block-heading\">Dienste von Drittanbietern &amp; Externe Links<\/h3>\n\n<p>Diese Website kann Links zu Websites oder Diensten von Drittanbietern enthalten, einschlie\u00dflich, aber nicht beschr\u00e4nkt auf:<\/p>\n\n<ul class=\"wp-block-list\">\n<li>Social-Media-Plattformen (z. B. Instagram, Facebook, Pinterest)<\/li>\n\n\n\n<li>E-Mail-Marketing-Dienste<\/li>\n\n\n\n<li>Marktpl\u00e4tze oder Fulfillment-Anbieter (z. B. Etsy, Print-on-Demand-Dienste)<\/li>\n<\/ul>\n\n<p>Wir haben keine Kontrolle \u00fcber externe Inhalte und \u00fcbernehmen keine Verantwortung f\u00fcr Websites, Dienste, Produkte oder Meinungen Dritter. Es gelten die Bedingungen und Datenschutzrichtlinien der jeweiligen Anbieter.<\/p>\n\n<hr class=\"wp-block-separator has-alpha-channel-opacity\"\/>\n\n<h3 class=\"wp-block-heading\">Fulfillment &amp; Vertrieb \u00fcber Dritte<\/h3>\n\n<p>Auf dieser Website pr\u00e4sentierte Produkte k\u00f6nnen von Drittanbieterplattformen und -dienstleistern verkauft, abgewickelt oder geliefert werden.<br\/>Wir verarbeiten Zahlungen nicht direkt und speichern keine Zahlungs- oder Versanddaten, sofern nicht ausdr\u00fccklich anders angegeben.<\/p>\n\n<hr class=\"wp-block-separator has-alpha-channel-opacity\"\/>\n\n<h3 class=\"wp-block-heading\">Urheberrecht &amp; Geistiges Eigentum<\/h3>\n\n<p>Alle Inhalte auf dieser Website \u2013 einschlie\u00dflich Texte, Bilder, Illustrationen, Grafiken, Charaktere, Geschichten und Konzepte \u2013 sind durch geltende Urheber- und Markenrechte gesch\u00fctzt.<\/p>\n\n<p>Die Rechte an geistigem Eigentum liegen bei <strong>MyMentalCamp LLC<\/strong> und\/oder den jeweiligen Rechteinhabern.<br\/>ZipylysWorld\u2122, einschlie\u00dflich seiner Charaktere und Welten, ist eine gesch\u00fctzte Marke.<\/p>\n\n<p>Sofern nicht ausdr\u00fccklich anders angegeben, werden Inhalte unter der folgenden Lizenz ver\u00f6ffentlicht:<br\/><strong>Creative Commons Attribution \u2013 NonCommercial \u2013 NoDerivatives 4.0 International (CC BY-NC-ND 4.0)<\/strong><\/p>\n\n<hr class=\"wp-block-separator has-alpha-channel-opacity\"\/>\n\n<h3 class=\"wp-block-heading\">Technische Probleme<\/h3>\n\n<p>Bei technischen Problemen oder rechtlichen Fragen zu dieser Website wenden Sie sich bitte an: Info@zipylysworld.com \ud83d\udce7 <a href=\"mailto:info@zipylysworld.com\">info@zipylysworld.com<\/a><\/p>\n\n<p><\/p>\n","protected":false},"excerpt":{"rendered":"<p>Haftungsausschluss Gilt f\u00fcr: https:\/\/zipylysworld.com(gilt auch f\u00fcr ZipylysWorld \u2013 AdultWorld &amp; KidsWorld) Letzte Aktualisierung: 22. Dezember 2025 Allgemeine Informationen ZipylysWorld\u2122 (einschlie\u00dflich AdultWorld und KidsWorld) wird von MyMentalCamp LLC, Wyoming, Vereinigte Staaten, betrieben. Wir sind bestrebt, die Inhalte dieser Website korrekt, vollst\u00e4ndig und aktuell zu halten. Wir \u00fcbernehmen jedoch keine Garantie f\u00fcr die Richtigkeit, Vollst\u00e4ndigkeit oder Aktualit\u00e4t&#8230;<\/p>\n","protected":false},"author":1,"featured_media":0,"parent":0,"menu_order":0,"comment_status":"closed","ping_status":"open","template":"","meta":{"_kadence_starter_templates_imported_post":false,"_kad_post_transparent":"","_kad_post_title":"","_kad_post_layout":"","_kad_post_sidebar_id":"","_kad_post_content_style":"","_kad_post_vertical_padding":"","_kad_post_feature":"","_kad_post_feature_position":"","_kad_post_header":false,"_kad_post_footer":false,"_kad_post_classname":"","footnotes":""},"class_list":["post-1931","page","type-page","status-publish","hentry"],"_links":{"self":[{"href":"https:\/\/adult.zipylysworld.com\/de\/wp-json\/wp\/v2\/pages\/1931","targetHints":{"allow":["GET"]}}],"collection":[{"href":"https:\/\/adult.zipylysworld.com\/de\/wp-json\/wp\/v2\/pages"}],"about":[{"href":"https:\/\/adult.zipylysworld.com\/de\/wp-json\/wp\/v2\/types\/page"}],"author":[{"embeddable":true,"href":"https:\/\/adult.zipylysworld.com\/de\/wp-json\/wp\/v2\/users\/1"}],"replies":[{"embeddable":true,"href":"https:\/\/adult.zipylysworld.com\/de\/wp-json\/wp\/v2\/comments?post=1931"}],"version-history":[{"count":1,"href":"https:\/\/adult.zipylysworld.com\/de\/wp-json\/wp\/v2\/pages\/1931\/revisions"}],"predecessor-version":[{"id":1932,"href":"https:\/\/adult.zipylysworld.com\/de\/wp-json\/wp\/v2\/pages\/1931\/revisions\/1932"}],"wp:attachment":[{"href":"https:\/\/adult.zipylysworld.com\/de\/wp-json\/wp\/v2\/media?parent=1931"}],"curies":[{"name":"wp","href":"https:\/\/api.w.org\/{rel}","templated":true}]}}