{"id":1905,"date":"2025-12-22T03:51:13","date_gmt":"2025-12-22T02:51:13","guid":{"rendered":"https:\/\/adult.zipylysworld.com\/das-team\/"},"modified":"2026-04-18T03:27:21","modified_gmt":"2026-04-18T01:27:21","slug":"das-team","status":"publish","type":"page","link":"https:\/\/adult.zipylysworld.com\/de\/das-team\/","title":{"rendered":"Das Team"},"content":{"rendered":"<style>.kb-row-layout-id1763_9f2647-ac > .kt-row-column-wrap{align-content:start;}:where(.kb-row-layout-id1763_9f2647-ac > .kt-row-column-wrap) > .wp-block-kadence-column{justify-content:start;}.kb-row-layout-id1763_9f2647-ac > .kt-row-column-wrap{column-gap:var(--global-kb-gap-md, 2rem);row-gap:var(--global-kb-gap-md, 2rem);max-width:var( --global-content-width, 1170px );padding-left:var(--global-content-edge-padding);padding-right:var(--global-content-edge-padding);padding-top:var(--global-kb-spacing-3xl, 6.5rem);padding-bottom:var(--global-kb-spacing-3xl, 6.5rem);grid-template-columns:minmax(0, 1fr);}.kb-row-layout-id1763_9f2647-ac > .kt-row-layout-overlay{opacity:0.88;background-color:#860d4a;}.kb-row-layout-id1763_9f2647-ac .kt-row-layout-bottom-sep{height:116px;}.kb-row-layout-id1763_9f2647-ac .kt-row-layout-bottom-sep svg{width:100%;}.kb-row-layout-id1763_9f2647-ac .kt-row-layout-bottom-sep svg{fill:var(--global-palette1, #3182CE)!important;}.kb-row-layout-id1763_9f2647-ac .kt-row-layout-top-sep{height:113px;}.kb-row-layout-id1763_9f2647-ac .kt-row-layout-top-sep svg{width:100%;}.kb-row-layout-id1763_9f2647-ac .kt-row-layout-top-sep svg{fill:var(--global-palette1, #3182CE)!important;}@media all and (max-width: 1024px){.kb-row-layout-id1763_9f2647-ac > .kt-row-column-wrap{grid-template-columns:minmax(0, 1fr);}}@media all and (max-width: 1024px){.kb-row-layout-id1763_9f2647-ac .kt-row-layout-bottom-sep{height:px;}}@media all and (max-width: 1024px){.kb-row-layout-id1763_9f2647-ac .kt-row-layout-bottom-sep svg{width:%;}}@media all and (max-width: 767px){.kb-row-layout-id1763_9f2647-ac > .kt-row-column-wrap{grid-template-columns:minmax(0, 1fr);}.kb-row-layout-id1763_9f2647-ac .kt-row-layout-bottom-sep{height:px;}.kb-row-layout-id1763_9f2647-ac .kt-row-layout-bottom-sep svg{width:%;}}<\/style><div class=\"kb-row-layout-wrap kb-row-layout-id1763_9f2647-ac alignnone kt-row-has-bg wp-block-kadence-rowlayout\"><div class=\"kt-row-layout-overlay kt-row-overlay-normal\"><\/div><div class=\"kt-row-layout-top-sep kt-row-sep-type-mtns\"><svg viewBox=\"0 0 1000 100\" preserveAspectRatio=\"none\"><path d=\"M1000,50l-182.69,-45.286l-292.031,61.197l-190.875,-41.075l-143.748,28.794l-190.656,-23.63l0,70l1000,0l0,-50Z\" style=\"opacity: 0.4\" \/><path d=\"M1000,57l-152.781,-22.589l-214.383,19.81l-159.318,-21.471l-177.44,25.875l-192.722,5.627l-103.356,-27.275l0,63.023l1000,0l0,-43Z\" \/><\/svg><\/div><div class=\"kt-row-layout-bottom-sep kt-row-sep-type-mtns\"><svg viewBox=\"0 0 1000 100\" preserveAspectRatio=\"none\"><path d=\"M1000,50l-182.69,-45.286l-292.031,61.197l-190.875,-41.075l-143.748,28.794l-190.656,-23.63l0,70l1000,0l0,-50Z\" style=\"opacity: 0.4\" \/><path d=\"M1000,57l-152.781,-22.589l-214.383,19.81l-159.318,-21.471l-177.44,25.875l-192.722,5.627l-103.356,-27.275l0,63.023l1000,0l0,-43Z\" \/><\/svg><\/div><div class=\"kt-row-column-wrap kt-has-1-columns kt-row-layout-equal kt-tab-layout-inherit kt-mobile-layout-row kt-row-valign-top kb-theme-content-width\">\n<style>.kadence-column1763_4209c0-fe > .kt-inside-inner-col,.kadence-column1763_4209c0-fe > .kt-inside-inner-col:before{border-top-left-radius:0px;border-top-right-radius:0px;border-bottom-right-radius:0px;border-bottom-left-radius:0px;}.kadence-column1763_4209c0-fe > .kt-inside-inner-col{column-gap:var(--global-kb-gap-sm, 1rem);}.kadence-column1763_4209c0-fe > .kt-inside-inner-col{flex-direction:column;}.kadence-column1763_4209c0-fe > .kt-inside-inner-col > .aligncenter{width:100%;}.kadence-column1763_4209c0-fe > .kt-inside-inner-col:before{opacity:0.3;}.kadence-column1763_4209c0-fe{position:relative;}@media all and (max-width: 1024px){.kadence-column1763_4209c0-fe > .kt-inside-inner-col{flex-direction:column;justify-content:center;}}@media all and (max-width: 767px){.kadence-column1763_4209c0-fe > .kt-inside-inner-col{flex-direction:column;justify-content:center;}}<\/style>\n<div class=\"wp-block-kadence-column kadence-column1763_4209c0-fe\"><div class=\"kt-inside-inner-col\"><style>.wp-block-kadence-advancedheading.kt-adv-heading1763_087f60-dd, .wp-block-kadence-advancedheading.kt-adv-heading1763_087f60-dd[data-kb-block=\"kb-adv-heading1763_087f60-dd\"]{text-align:center;font-size:var(--global-kb-font-size-lg, 2rem);font-style:normal;}.wp-block-kadence-advancedheading.kt-adv-heading1763_087f60-dd mark.kt-highlight, .wp-block-kadence-advancedheading.kt-adv-heading1763_087f60-dd[data-kb-block=\"kb-adv-heading1763_087f60-dd\"] mark.kt-highlight{font-style:normal;color:#f76a0c;-webkit-box-decoration-break:clone;box-decoration-break:clone;padding-top:0px;padding-right:0px;padding-bottom:0px;padding-left:0px;}.wp-block-kadence-advancedheading.kt-adv-heading1763_087f60-dd img.kb-inline-image, .wp-block-kadence-advancedheading.kt-adv-heading1763_087f60-dd[data-kb-block=\"kb-adv-heading1763_087f60-dd\"] img.kb-inline-image{width:150px;vertical-align:baseline;}<\/style>\n<p class=\"kt-adv-heading1763_087f60-dd wp-block-kadence-advancedheading\" data-kb-block=\"kb-adv-heading1763_087f60-dd\"><strong>Wir sind kein Unternehmen. Wir sind eine neugierige Truppe.<\/strong><\/p>\n\n\n\n<p class=\"has-text-align-center\"><br\/><strong>ZipylysWorld<strong>\u2122<\/strong> wird von einem kleinen Team angetrieben, das Bewegung, Kreativit\u00e4t, Fokus und spielerisches Denken liebt.<\/strong><br\/><strong>Wir glauben, dass Lernen, Training und Wachstum nicht laut, starr oder \u00fcberm\u00e4\u00dfig ernst sein muss.<br\/>Es kann leicht sein. Neugierig. Und manchmal ein bisschen seltsam (im positiven Sinne).<\/strong><br\/><strong>Diese Welt wird von Charakteren, Ideen und Erfahrungen gepr\u00e4gt \u2013 nicht von Jobtiteln.<\/strong><\/p>\n<\/div><\/div>\n\n<\/div><\/div><style>.kadence-column1763_4d7708-cd > .kt-inside-inner-col,.kadence-column1763_4d7708-cd > .kt-inside-inner-col:before{border-top-left-radius:0px;border-top-right-radius:0px;border-bottom-right-radius:0px;border-bottom-left-radius:0px;}.kadence-column1763_4d7708-cd > .kt-inside-inner-col{column-gap:var(--global-kb-gap-sm, 1rem);}.kadence-column1763_4d7708-cd > .kt-inside-inner-col{flex-direction:column;}.kadence-column1763_4d7708-cd > .kt-inside-inner-col > .aligncenter{width:100%;}.kadence-column1763_4d7708-cd > .kt-inside-inner-col:before{opacity:0.3;}.kadence-column1763_4d7708-cd{position:relative;}@media all and (max-width: 1024px){.kadence-column1763_4d7708-cd > .kt-inside-inner-col{flex-direction:column;justify-content:center;}}@media all and (max-width: 767px){.kadence-column1763_4d7708-cd > .kt-inside-inner-col{flex-direction:column;justify-content:center;}}<\/style>\n<div class=\"wp-block-kadence-column kadence-column1763_4d7708-cd\"><div class=\"kt-inside-inner-col\"><style>.kadence-column1763_07d0e4-9b > .kt-inside-inner-col,.kadence-column1763_07d0e4-9b > .kt-inside-inner-col:before{border-top-left-radius:0px;border-top-right-radius:0px;border-bottom-right-radius:0px;border-bottom-left-radius:0px;}.kadence-column1763_07d0e4-9b > .kt-inside-inner-col{column-gap:var(--global-kb-gap-sm, 1rem);}.kadence-column1763_07d0e4-9b > .kt-inside-inner-col{flex-direction:column;}.kadence-column1763_07d0e4-9b > .kt-inside-inner-col > .aligncenter{width:100%;}.kadence-column1763_07d0e4-9b > .kt-inside-inner-col:before{opacity:0.3;}.kadence-column1763_07d0e4-9b{position:relative;}@media all and (max-width: 1024px){.kadence-column1763_07d0e4-9b > .kt-inside-inner-col{flex-direction:column;justify-content:center;}}@media all and (max-width: 767px){.kadence-column1763_07d0e4-9b > .kt-inside-inner-col{flex-direction:column;justify-content:center;}}<\/style>\n<div class=\"wp-block-kadence-column kadence-column1763_07d0e4-9b\"><div class=\"kt-inside-inner-col\">\n<figure class=\"wp-block-image size-large\"><img loading=\"lazy\" decoding=\"async\" width=\"1024\" height=\"576\" src=\"https:\/\/adult.zipylysworld.com\/wp-content\/uploads\/2026\/04\/Homepage2neu-1024x576.png\" alt=\"\" class=\"wp-image-1978\" srcset=\"https:\/\/adult.zipylysworld.com\/wp-content\/uploads\/2026\/04\/Homepage2neu-1024x576.png 1024w, https:\/\/adult.zipylysworld.com\/wp-content\/uploads\/2026\/04\/Homepage2neu-300x169.png 300w, https:\/\/adult.zipylysworld.com\/wp-content\/uploads\/2026\/04\/Homepage2neu-768x432.png 768w, https:\/\/adult.zipylysworld.com\/wp-content\/uploads\/2026\/04\/Homepage2neu-1536x864.png 1536w, https:\/\/adult.zipylysworld.com\/wp-content\/uploads\/2026\/04\/Homepage2neu.png 1920w\" sizes=\"auto, (max-width: 1024px) 100vw, 1024px\" \/><\/figure>\n<\/div><\/div>\n<\/div><\/div>\n<style>.kadence-column1763_77b3da-40 > .kt-inside-inner-col,.kadence-column1763_77b3da-40 > .kt-inside-inner-col:before{border-top-left-radius:0px;border-top-right-radius:0px;border-bottom-right-radius:0px;border-bottom-left-radius:0px;}.kadence-column1763_77b3da-40 > .kt-inside-inner-col{column-gap:var(--global-kb-gap-sm, 1rem);}.kadence-column1763_77b3da-40 > .kt-inside-inner-col{flex-direction:column;}.kadence-column1763_77b3da-40 > .kt-inside-inner-col > .aligncenter{width:100%;}.kadence-column1763_77b3da-40 > .kt-inside-inner-col:before{opacity:0.3;}.kadence-column1763_77b3da-40{position:relative;}@media all and (max-width: 1024px){.kadence-column1763_77b3da-40 > .kt-inside-inner-col{flex-direction:column;justify-content:center;}}@media all and (max-width: 767px){.kadence-column1763_77b3da-40 > .kt-inside-inner-col{flex-direction:column;justify-content:center;}}<\/style>\n<div class=\"wp-block-kadence-column kadence-column1763_77b3da-40\"><div class=\"kt-inside-inner-col\">\n<p><strong>Lerne das Team hinter ZipylysWorld\u2122 kennen<\/strong><\/p>\n\n\n\n<p>Das ist keine Marke, die auf Jobtiteln aufbaut \u2013 sie basiert auf Pers\u00f6nlichkeiten.<\/p>\n\n\n\n<p>Zipyly\u2122, Zipylyna\u2122, Zamyly\u2122, Zlothy\u2122 und Zaleon\u2122 repr\u00e4sentieren jeweils eine andere Art zu denken, zu f\u00fchlen und zu wachsen.<\/p>\n\n\n\n<p>Gemeinsam begleiten sie dich durch Herausforderungen, Ver\u00e4nderungen und allt\u00e4gliches Chaos \u2013 manchmal verspielt, manchmal ruhig, manchmal unerwartet.<\/p>\n\n\n\n<p>Nicht perfekt. Nicht poliert.<\/p>\n\n\n\n<p>Aber echt, entwickelnd und immer in Bewegung.<\/p>\n\n\n\n<p>Weitere Geschichten, Tools und Erlebnisse sind unterwegs. \ud83d\ude80<\/p>\n<\/div><\/div>\n","protected":false},"excerpt":{"rendered":"<p>Wir sind kein Unternehmen. Wir sind eine neugierige Truppe. ZipylysWorld\u2122 wird von einem kleinen Team angetrieben, das Bewegung, Kreativit\u00e4t, Fokus und spielerisches Denken liebt.Wir glauben, dass Lernen, Training und Wachstum nicht laut, starr oder \u00fcberm\u00e4\u00dfig ernst sein muss.Es kann leicht sein. Neugierig. Und manchmal ein bisschen seltsam (im positiven Sinne).Diese Welt wird von Charakteren, Ideen&#8230;<\/p>\n","protected":false},"author":1,"featured_media":0,"parent":0,"menu_order":0,"comment_status":"closed","ping_status":"closed","template":"","meta":{"_kadence_starter_templates_imported_post":false,"_kad_post_transparent":"","_kad_post_title":"","_kad_post_layout":"","_kad_post_sidebar_id":"","_kad_post_content_style":"","_kad_post_vertical_padding":"","_kad_post_feature":"","_kad_post_feature_position":"","_kad_post_header":false,"_kad_post_footer":false,"_kad_post_classname":"","footnotes":""},"class_list":["post-1905","page","type-page","status-publish","hentry"],"_links":{"self":[{"href":"https:\/\/adult.zipylysworld.com\/de\/wp-json\/wp\/v2\/pages\/1905","targetHints":{"allow":["GET"]}}],"collection":[{"href":"https:\/\/adult.zipylysworld.com\/de\/wp-json\/wp\/v2\/pages"}],"about":[{"href":"https:\/\/adult.zipylysworld.com\/de\/wp-json\/wp\/v2\/types\/page"}],"author":[{"embeddable":true,"href":"https:\/\/adult.zipylysworld.com\/de\/wp-json\/wp\/v2\/users\/1"}],"replies":[{"embeddable":true,"href":"https:\/\/adult.zipylysworld.com\/de\/wp-json\/wp\/v2\/comments?post=1905"}],"version-history":[{"count":2,"href":"https:\/\/adult.zipylysworld.com\/de\/wp-json\/wp\/v2\/pages\/1905\/revisions"}],"predecessor-version":[{"id":1981,"href":"https:\/\/adult.zipylysworld.com\/de\/wp-json\/wp\/v2\/pages\/1905\/revisions\/1981"}],"wp:attachment":[{"href":"https:\/\/adult.zipylysworld.com\/de\/wp-json\/wp\/v2\/media?parent=1905"}],"curies":[{"name":"wp","href":"https:\/\/api.w.org\/{rel}","templated":true}]}}